{"id":1088,"date":"2017-06-07T17:19:28","date_gmt":"2017-06-07T17:19:28","guid":{"rendered":"https:\/\/mc-graphicdesign.com\/dev\/?page_id=7"},"modified":"2026-04-23T08:47:26","modified_gmt":"2026-04-23T06:47:26","slug":"front-page","status":"publish","type":"page","link":"https:\/\/mc-graphicdesign.com\/dev\/","title":{"rendered":"Home"},"content":{"rendered":"<div class=\"wpb-content-wrapper\"><p>[vc_section full_height=\u00a0\u00bbyes\u00a0\u00bb content_placement=\u00a0\u00bbmiddle\u00a0\u00bb bklyn_section_anchor_id=\u00a0\u00bbWork\u00a0\u00bb el_name=\u00a0\u00bbFirst Section \/ Work\u00a0\u00bb el_id=\u00a0\u00bbfirst\u00a0\u00bb][vc_row full_height=\u00a0\u00bbyes\u00a0\u00bb el_name=\u00a0\u00bbCustom Text Modules \/ Margin bottom 0 \/ Row has animation\u00a0\u00bb][vc_column]<style type=\"text\/css\">#ut_custom_heading69feb532b1511 { font-family: \"Montserrat\";font-weight:800;font-style:normal; }#ut_custom_heading69feb532b1511 { font-size:100px !important;line-height:115px !important;letter-spacing:-0.04em; }@media (max-width: 767px) {#ut_custom_heading69feb532b1511 { line-height:47px !important;letter-spacing:-0.04em; }}@media (min-width: 1025px) and (max-width: 1679px) {#ut_custom_heading69feb532b1511 { letter-spacing:-0.04em; }}@media (min-width: 768px) and (max-width: 1024px) {#ut_custom_heading69feb532b1511 { letter-spacing:-0.04em; }}#ut_custom_heading69feb532b1511 { text-align:left; }@media (min-width: 768px) and (max-width: 1024px) { #ut_custom_heading69feb532b1511 { text-align:left; } }@media (max-width: 767px) { #ut_custom_heading69feb532b1511 { text-align:left; } }<\/style><h1 id=\"ut_custom_heading69feb532b1511\" data-responsive-font=\"h1\" data-responsive-font-settings=\"{&quot;base-font-size&quot;:&quot;100&quot;,&quot;font-size-unit&quot;:&quot;px&quot;,&quot;font-size&quot;:{&quot;desktop_large&quot;:&quot;100&quot;},&quot;base-line-height&quot;:&quot;115&quot;,&quot;line-height-unit&quot;:&quot;px&quot;,&quot;line-height&quot;:{&quot;desktop_large&quot;:&quot;115&quot;,&quot;mobile&quot;:&quot;47&quot;},&quot;base-letter-spacing&quot;:&quot;-0.04&quot;,&quot;letter-spacing&quot;:{&quot;desktop_large&quot;:&quot;-0.04&quot;}}\" class=\"ut-custom-heading-module   vc_custom_1769943719473\" data-appear-effect=\"effect-1\" data-appear-top-offset=\"full\"><span class=\"\" >Designer graphic exp\u00e9riment\u00e9<\/span><\/h1><style type=\"text\/css\">#ut_custom_heading69feb532b30ea { color:rgba(0, 0, 0, 0.8); }#ut_custom_heading69feb532b30ea { font-family: \"Montserrat\";font-weight:500;font-style:normal; }#ut_custom_heading69feb532b30ea { font-size:22px !important;letter-spacing:0.03em; }@media (max-width: 767px) {#ut_custom_heading69feb532b30ea { line-height:29px !important;letter-spacing:0.03em; }}@media (min-width: 1025px) and (max-width: 1679px) {#ut_custom_heading69feb532b30ea { letter-spacing:0.03em; }}@media (min-width: 768px) and (max-width: 1024px) {#ut_custom_heading69feb532b30ea { letter-spacing:0.03em; }}#ut_custom_heading69feb532b30ea { text-align:left; }@media (min-width: 768px) and (max-width: 1024px) { #ut_custom_heading69feb532b30ea { text-align:left; } }@media (max-width: 767px) { #ut_custom_heading69feb532b30ea { text-align:left; } }#ut_custom_heading69feb532b30ea span { border-top-style:solid;border-top-color:transparent;border-top-width:12px;display:inline-block; }<\/style><h2 id=\"ut_custom_heading69feb532b30ea\" data-responsive-font=\"h2\" data-responsive-font-settings=\"{&quot;base-font-size&quot;:&quot;22&quot;,&quot;font-size-unit&quot;:&quot;px&quot;,&quot;font-size&quot;:{&quot;desktop_large&quot;:&quot;22&quot;},&quot;base-line-height&quot;:&quot;global&quot;,&quot;line-height&quot;:{&quot;mobile&quot;:&quot;29&quot;},&quot;base-letter-spacing&quot;:&quot;0.03&quot;,&quot;letter-spacing&quot;:{&quot;desktop_large&quot;:&quot;0.03&quot;}}\" class=\"ut-custom-heading-module   vc_custom_1769943908620\" data-appear-effect=\"effect-8\" data-appear-top-offset=\"full\" data-ut-wait=\"1\" data-ut-remove-wait=\"2000\"><span class=\"\" >Je donne vie \u00e0 vos projets de communication visuelle.<\/span><\/h2>[vc_row_inner][vc_column_inner width=\u00a0\u00bb1\/4&Prime;][\/vc_column_inner][vc_column_inner width=\u00a0\u00bb1\/2&Prime;][vc_icon icon_fontawesome=\u00a0\u00bbfa-solid fa-angle-down\u00a0\u00bb color=\u00a0\u00bbblack\u00a0\u00bb align=\u00a0\u00bbcenter\u00a0\u00bb link=\u00a0\u00bburl:%23down\u00a0\u00bb][\/vc_column_inner][vc_column_inner width=\u00a0\u00bb1\/4&Prime;][\/vc_column_inner][\/vc_row_inner][\/vc_column][\/vc_row][\/vc_section][vc_section disable_element=\u00a0\u00bbyes\u00a0\u00bb el_name=\u00a0\u00bbSecond Section\u00a0\u00bb][vc_row delay=\u00a0\u00bbtrue\u00a0\u00bb el_name=\u00a0\u00bbRow has animation\u00a0\u00bb effect=\u00a0\u00bbfadeIn\u00a0\u00bb][vc_column]<div id=\"ut_cc_outer_69feb532b313f\" class=\"wpb_content_element \"><style type=\"text\/css\">#ut_cc_69feb532b313e.ut-brands:not(.ut-brands-carousel) {-webkit-box-pack: center; -ms-flex-pack: center; justify-content: center;}#ut_cc_69feb532b313e .ut-single-brand-logo{opacity: 1;}#ut_cc_69feb532b313e .ut-single-brand.ut-single-brand-link:hover .ut-single-brand-logo,#ut_cc_69feb532b313e .ut-single-brand.ut-single-brand-cells:hover .ut-single-brand-logo,#ut_cc_69feb532b313e .ut-single-brand:not(.ut-single-brand-link):not(.ut-single-brand-cells) .ut-single-brand-logo:hover {opacity: 1;}#ut_cc_69feb532b313e .ut-single-brand-logo img{max-height: 44px;}#ut_cc_69feb532b313e.ut-brands-display-cells .ut-single-brand {border-right: 1px solid #DDD;border-bottom: 1px solid #DDD;}#ut_cc_69feb532b313e.ut-brands-display-cells .ut-single-brand:first-child {border-left: 1px solid #DDD;}@media (min-width: 1025px) {#ut_cc_69feb532b313e.ut-brands-display-cells .ut-single-brand:nth-child(4n+1) {border-left: 1px solid #DDD;}#ut_cc_69feb532b313e.ut-brands-display-cells .ut-single-brand:nth-child(-n+4) {border-top: 1px solid #DDD;}#ut_cc_69feb532b313e.ut-brands-display-plain:not(.ut-brands-carousel) .ut-single-brand:nth-last-child(-n+4) {padding-bottom: 0;}}@media (min-width: 768px) and (max-width: 1024px) {#ut_cc_69feb532b313e.ut-brands-display-cells .ut-single-brand:nth-child(4n+1) {border-left: 1px solid #DDD;}#ut_cc_69feb532b313e.ut-brands-display-cells .ut-single-brand:nth-child(-n+4) {border-top: 1px solid #DDD;}#ut_cc_69feb532b313e.ut-brands-display-plain:not(.ut-brands-carousel) .ut-single-brand:nth-last-child(-n+4) {padding-bottom: 0;}}@media (max-width: 767px) {#ut_cc_69feb532b313e.ut-brands-display-cells .ut-single-brand:nth-child(2n+1) {border-left: 1px solid #DDD;}#ut_cc_69feb532b313e.ut-brands-display-cells .ut-single-brand:nth-child(-n+2) {border-top: 1px solid #DDD;}#ut_cc_69feb532b313e.ut-brands-display-plain:not(.ut-brands-carousel) .ut-single-brand:nth-last-child(-n+2) {padding-bottom: 0;}}<\/style><div id=\"ut_cc_69feb532b313e\" class=\"ut-brands  ut-brands-columns-4 ut-brands-display-plain ut-brands-no-border-top ut-brands-no-border-bottom\" ><div class=\"ut-single-brand  ut-single-brand-plain\"><div class=\"ut-single-brand-logo\"><img class=\" ut-lozad\" alt=\"Image\" data-src=\"https:\/\/mc-graphicdesign.com\/dev\/wp-content\/uploads\/2019\/11\/logo-1.svg\"><\/div><\/div><div class=\"ut-single-brand  ut-single-brand-plain\"><div class=\"ut-single-brand-logo\"><img class=\" ut-lozad\" alt=\"Image\" data-src=\"https:\/\/mc-graphicdesign.com\/dev\/wp-content\/uploads\/2019\/11\/logo-2.svg\"><\/div><\/div><div class=\"ut-single-brand  ut-single-brand-plain\"><div class=\"ut-single-brand-logo\"><img class=\" ut-lozad\" alt=\"Image\" data-src=\"https:\/\/mc-graphicdesign.com\/dev\/wp-content\/uploads\/2019\/11\/logo-3.svg\"><\/div><\/div><div class=\"ut-single-brand  ut-single-brand-plain\"><div class=\"ut-single-brand-logo\"><img class=\" ut-lozad\" alt=\"Image\" data-src=\"https:\/\/mc-graphicdesign.com\/dev\/wp-content\/uploads\/2019\/11\/logo-4.svg\"><\/div><\/div><div class=\"ut-single-brand  ut-single-brand-plain\"><div class=\"ut-single-brand-logo\"><img class=\" ut-lozad\" alt=\"Image\" data-src=\"https:\/\/mc-graphicdesign.com\/dev\/wp-content\/uploads\/2019\/11\/logo-5.svg\"><\/div><\/div><div class=\"ut-single-brand  ut-single-brand-plain\"><div class=\"ut-single-brand-logo\"><img class=\" ut-lozad\" alt=\"Image\" data-src=\"https:\/\/mc-graphicdesign.com\/dev\/wp-content\/uploads\/2019\/11\/logo-6.svg\"><\/div><\/div><div class=\"ut-single-brand  ut-single-brand-plain\"><div class=\"ut-single-brand-logo\"><img class=\" ut-lozad\" alt=\"Image\" data-src=\"https:\/\/mc-graphicdesign.com\/dev\/wp-content\/uploads\/2019\/11\/logo-8.svg\"><\/div><\/div><div class=\"ut-single-brand  ut-single-brand-plain\"><div class=\"ut-single-brand-logo\"><img class=\" ut-lozad\" alt=\"Image\" data-src=\"https:\/\/mc-graphicdesign.com\/dev\/wp-content\/uploads\/2019\/11\/logo-9.svg\"><\/div><\/div><\/div><\/div>[\/vc_column][\/vc_row][\/vc_section][vc_section el_id=\u00a0\u00bbdown\u00a0\u00bb][vc_row content_placement=\u00a0\u00bbmiddle\u00a0\u00bb][vc_column width=\u00a0\u00bb1\/2&Prime;]<div  class=\"wpb_content_element   clearfix\"><style type=\"text\/css\">#ut_am_69feb532b45ad { opacity: 1; }#ut_am_wrap_69feb532b45af .ut-image-gallery-item-caption-title h3 { letter-spacing: -0.03em; }#ut_am_wrap_69feb532b45af .ut-gallery-slider-caption { font-weight: bold; }#ut_am_wrap_69feb532b45af { text-align: left; }@media (min-width: 768px) and (max-width: 1024px) { #ut_am_wrap_69feb532b45af { text-align: left !important; } }@media (max-width: 767px) { #ut_am_wrap_69feb532b45af { text-align: center !important; } }<\/style><div id=\"ut_am_wrap_69feb532b45af\" class=\"ut-image-gallery-image \"><div id=\"ut_reveal_69feb532b45b0\"  data-appear-top-offset=\"auto\" class=\"ut-animated-image-item ut-image-gallery-item ut-animation-done \"><a class=\"ut-deactivated-link\" href=\"#\"><div class=\"ut-animated-image-zoom\"><img loading=\"lazy\" decoding=\"async\" class=\"ut-lazy skip-lazy ut-animated-image \"  id=\"ut_am_69feb532b45ad\" src=\"data:image\/svg+xml;charset=utf-8,%3Csvg xmlns%3D'http%3A%2F%2Fwww.w3.org%2F2000%2Fsvg' viewBox%3D'0 0 768 928'%2F%3E\" data-src=\"https:\/\/mc-graphicdesign.com\/dev\/wp-content\/uploads\/2026\/02\/Photo_profile-768x928-1.png\" width=\"768\" height=\"928\" alt=\"\"\/><\/div><\/a><\/div><\/div><\/div>[\/vc_column][vc_column width=\u00a0\u00bb1\/2&Prime; css=\u00a0\u00bb.vc_custom_1776926460996{margin-top: 20px !important;}\u00a0\u00bb]<div class=\"wpb_content_element \"><style type=\"text\/css\">#ut_header_69feb532b4a36 h4.section-title { font-size:25px !important;line-height:29px !important;letter-spacing:-0.04em; }<\/style><header id=\"ut_header_69feb532b4a36\" class=\"section-header  ut-no-title-linebreak-mobile ut-no-lead-linebreak-mobile pt-style-7 header-left header-tablet-left header-mobile-center element-with-custom-line-height\"><div class=\"element-with-custom-line-height\" ><h4 data-title=\"Form\u00e9 aux Beaux-Arts et en Arts Visuels, je conjugue sensibilit\u00e9 artistique et rigueur cr\u00e9ative \u00e0 travers plus de quinze ans d'exp\u00e9rience en graphic design &amp; web design.\"  data-responsive-font=\"section_title\" data-responsive-font-settings=\"{&quot;base-font-size&quot;:&quot;25&quot;,&quot;font-size-unit&quot;:&quot;px&quot;,&quot;font-size&quot;:{&quot;desktop_large&quot;:&quot;25&quot;},&quot;base-line-height&quot;:&quot;29&quot;,&quot;line-height-unit&quot;:&quot;px&quot;,&quot;line-height&quot;:{&quot;desktop_large&quot;:&quot;29&quot;},&quot;base-letter-spacing&quot;:&quot;global&quot;,&quot;letter-spacing&quot;:{&quot;desktop_large&quot;:&quot;-0.04&quot;}}\" class=\"section-title  \"><span>Form\u00e9 aux Beaux-Arts et en Arts Visuels, je conjugue sensibilit\u00e9 artistique et rigueur cr\u00e9ative \u00e0 travers plus de quinze ans d'exp\u00e9rience en graphic design &amp; web design.<\/span><\/h4><\/div><\/header><\/div>[vc_column_text]Avec une exp\u00e9rience forg\u00e9e en agence et en freelance, j&rsquo;ai d\u00e9velopp\u00e9 une expertise compl\u00e8te couvrant la conception, la production et la relation client. Du brief aux livrables, je m&rsquo;engage avec une seule boussole : la satisfaction du client.<\/p>\n<p class=\"font-claude-response-body break-words whitespace-normal leading-[1.7]\">Print ou digital, je prends en charge chaque projet de A \u00e0 Z du concept \u00e0 la livraison avec l&rsquo;ambition constante de d\u00e9passer les attentes.<\/p>\n<p class=\"font-claude-response-body break-words whitespace-normal leading-[1.7]\">Curieux, rigoureux et orient\u00e9 solutions, je m&rsquo;\u00e9panouis sur les d\u00e9fis complexes et entretiens ma cr\u00e9ativit\u00e9 par une veille active, dans un secteur qui ne cesse de se r\u00e9inventer.<\/p>\n<p>[\/vc_column_text][\/vc_column][\/vc_row][\/vc_section]<\/p>\n<\/div>","protected":false},"excerpt":{"rendered":"<p>[vc_section full_height=\u00a0\u00bbyes\u00a0\u00bb content_placement=\u00a0\u00bbmiddle\u00a0\u00bb bklyn_section_anchor_id=\u00a0\u00bbWork\u00a0\u00bb el_name=\u00a0\u00bbFirst Section \/ Work\u00a0\u00bb el_id=\u00a0\u00bbfirst\u00a0\u00bb][vc_row full_height=\u00a0\u00bbyes\u00a0\u00bb el_name=\u00a0\u00bbCustom Text Modules \/ Margin bottom 0 \/ Row has animation\u00a0\u00bb][vc_column][vc_row_inner][vc_column_inner width=\u00a0\u00bb1\/4&Prime;][\/vc_column_inner][vc_column_inner width=\u00a0\u00bb1\/2&Prime;][vc_icon icon_fontawesome=\u00a0\u00bbfa-solid fa-angle-down\u00a0\u00bb color=\u00a0\u00bbblack\u00a0\u00bb align=\u00a0\u00bbcenter\u00a0\u00bb link=\u00a0\u00bburl:%23down\u00a0\u00bb][\/vc_column_inner][vc_column_inner width=\u00a0\u00bb1\/4&Prime;][\/vc_column_inner][\/vc_row_inner][\/vc_column][\/vc_row][\/vc_section][vc_section disable_element=\u00a0\u00bbyes\u00a0\u00bb el_name=\u00a0\u00bbSecond Section\u00a0\u00bb][vc_row delay=\u00a0\u00bbtrue\u00a0\u00bb el_name=\u00a0\u00bbRow has animation\u00a0\u00bb effect=\u00a0\u00bbfadeIn\u00a0\u00bb][vc_column][\/vc_column][\/vc_row][\/vc_section][vc_section el_id=\u00a0\u00bbdown\u00a0\u00bb][vc_row content_placement=\u00a0\u00bbmiddle\u00a0\u00bb][vc_column width=\u00a0\u00bb1\/2&Prime;][\/vc_column][vc_column width=\u00a0\u00bb1\/2&Prime; css=\u00a0\u00bb.vc_custom_1776926460996{margin-top: 20px !important;}\u00a0\u00bb][vc_column_text]Avec une exp\u00e9rience forg\u00e9e en agence et en freelance, j&rsquo;ai d\u00e9velopp\u00e9 une [&hellip;]<\/p>\n","protected":false},"author":1,"featured_media":0,"parent":0,"menu_order":0,"comment_status":"closed","ping_status":"closed","template":"","meta":{"rs_blank_template":"","rs_page_bg_color":"","slide_template_v7":"","footnotes":""},"class_list":["post-1088","page","type-page","status-publish","hentry"],"_links":{"self":[{"href":"https:\/\/mc-graphicdesign.com\/dev\/wp-json\/wp\/v2\/pages\/1088","targetHints":{"allow":["GET"]}}],"collection":[{"href":"https:\/\/mc-graphicdesign.com\/dev\/wp-json\/wp\/v2\/pages"}],"about":[{"href":"https:\/\/mc-graphicdesign.com\/dev\/wp-json\/wp\/v2\/types\/page"}],"author":[{"embeddable":true,"href":"https:\/\/mc-graphicdesign.com\/dev\/wp-json\/wp\/v2\/users\/1"}],"replies":[{"embeddable":true,"href":"https:\/\/mc-graphicdesign.com\/dev\/wp-json\/wp\/v2\/comments?post=1088"}],"version-history":[{"count":69,"href":"https:\/\/mc-graphicdesign.com\/dev\/wp-json\/wp\/v2\/pages\/1088\/revisions"}],"predecessor-version":[{"id":2839,"href":"https:\/\/mc-graphicdesign.com\/dev\/wp-json\/wp\/v2\/pages\/1088\/revisions\/2839"}],"wp:attachment":[{"href":"https:\/\/mc-graphicdesign.com\/dev\/wp-json\/wp\/v2\/media?parent=1088"}],"curies":[{"name":"wp","href":"https:\/\/api.w.org\/{rel}","templated":true}]}}